{"id":13756,"date":"2006-02-18T03:09:05","date_gmt":"2006-02-18T02:09:05","guid":{"rendered":"https:\/\/svhermersberg.de\/wp\/2006\/02\/18\/jugend\/"},"modified":"2025-08-12T09:10:19","modified_gmt":"2025-08-12T07:10:19","slug":"jugend","status":"publish","type":"page","link":"https:\/\/svhermersberg.de\/wp\/jugend\/","title":{"rendered":"Jugend"},"content":{"rendered":"\n<p class=\"has-text-align-left\">Mindestens 220 Kinder und Jugendliche spielen beim SVH Fu\u00dfball. Die Jugendmannschaften sind durchg\u00e4ngig von der G- bis zur A-Jugend besetzt. Sie werden von dutzenden unerm\u00fcdlichen, ehrenamtlichen Personen bestens trainiert, betreut und unterst\u00fctzt.<\/p>\n\n\n\n<figure class=\"wp-block-image\"><img loading=\"lazy\" decoding=\"async\" width=\"1200\" height=\"493\" src=\"https:\/\/svhermersberg.de\/wp\/wp-content\/uploads\/2006\/02\/2023_startseite_jugend.png\" alt=\"2023 startseite jugend\" class=\"wp-image-13753\" srcset=\"https:\/\/svhermersberg.de\/wp\/wp-content\/uploads\/2006\/02\/2023_startseite_jugend.png 1200w, https:\/\/svhermersberg.de\/wp\/wp-content\/uploads\/2006\/02\/2023_startseite_jugend-300x123.png 300w, https:\/\/svhermersberg.de\/wp\/wp-content\/uploads\/2006\/02\/2023_startseite_jugend-1024x421.png 1024w, https:\/\/svhermersberg.de\/wp\/wp-content\/uploads\/2006\/02\/2023_startseite_jugend-768x316.png 768w\" sizes=\"auto, (max-width: 1200px) 100vw, 1200px\" \/><\/figure>\n\n\n\n<p class=\"has-text-align-left\"><\/p>\n\n\n\n<p class=\"has-text-align-left\">Jugendf\u00f6rderung wird beim SVH gro\u00df geschrieben. Unsere A-Jugend, B-Jugend und C-Jugend werden von engagierten Trainern mit Trainerlizenz gef\u00fchrt. Ziel ist es, weitere Jugendmannschaften durch ausgebildete Trainer zu trainieren. Nur auf diese Art und Weise ist es seit Jahren m\u00f6glich, die Qualit\u00e4t aufrecht zu erhalten und guten Nachwuchs f\u00fcr unsere aktiven Mannschaften auszubilden. Andere SVH Nachwuchskicker schaffen regelm\u00e4\u00dfig den Sprung zu h\u00f6herklassigen Vereinen.<\/p>\n\n\n\n<p class=\"has-text-align-left\">Der SVH arbeitet nach einem speziell entwickelten Jugendkonzept. Das Konzept soll Spieler und Trainer f\u00f6rdern und einen gemeinsamen, gleichen und altersgerechten Leistungsstand herbeif\u00fchren.<\/p>\n\n\n\n<p><\/p>\n\n\n\n<p class=\"has-text-align-left\"><strong><strong>Jugendkoordinator<\/strong>: <\/strong>Michael Allenbach,<strong>&nbsp;<\/strong><a href=\"mailto:m.allenbach@svhermersberg.de\">m.all<\/a><a href=\"mailto:m.allenbach@svhermersberg.de\">enbach@svhermersberg.de<\/a><\/p>\n\n\n\n<p><strong>Jugendleitung:<\/strong>&nbsp;Michael Allenbach und Thorsten M\u00fcller, &nbsp;<a href=\"mailto:m.allenbach@svhermersberg.de\">m.allenbach@svhermersberg.de<\/a>,&nbsp;<a href=\"mailto:ThorMueller@t-online.de\">ThorMueller@t-online.de<\/a><a href=\"mailto:ThorMueller@t-online.de\">\n<\/a><\/p>\n\n\n\n<p><a href=\"mailto:ThorMueller@t-online.de\"><\/a><strong>Jugendtrainer und Betreuer:<\/strong><\/p>\n\n\n\n<p>A-Jugend: <a href=\"https:\/\/svhermersberg.de\/wp\/wp-content\/uploads\/2025\/07\/2025-2026_Planung_Jugend.pdf\" data-type=\"attachment\" data-id=\"18821\" target=\"_blank\" rel=\"noreferrer noopener\">alle Ansprechpartner Jugend aktuell<\/a>&nbsp;\/ <a href=\"https:\/\/www.svhermersberg.de\/svh\/belegung\/training.php\" target=\"_blank\" rel=\"noopener\">Trainingszeiten<\/a><\/p>\n\n\n\n<p>B-Jugend: <a href=\"https:\/\/svhermersberg.de\/wp\/wp-content\/uploads\/2025\/07\/2025-2026_Planung_Jugend.pdf\" data-type=\"attachment\" data-id=\"18821\" target=\"_blank\" rel=\"noreferrer noopener\">alle Ansprechpartner Jugend aktuell<\/a>&nbsp;\/ <a href=\"https:\/\/www.svhermersberg.de\/svh\/belegung\/training.php\" target=\"_blank\" rel=\"noopener\">Trainingszeiten<\/a><\/p>\n\n\n\n<p>C-Jugend:&nbsp;<a href=\"https:\/\/svhermersberg.de\/wp\/wp-content\/uploads\/2025\/07\/2025-2026_Planung_Jugend.pdf\" data-type=\"attachment\" data-id=\"18821\" target=\"_blank\" rel=\"noreferrer noopener\">alle Ansprechpartner Jugend aktuell<\/a>&nbsp;\/ <a href=\"https:\/\/www.svhermersberg.de\/svh\/belegung\/training.php\" target=\"_blank\" rel=\"noopener\">Trainingszeiten<\/a><\/p>\n\n\n\n<p>D-Jugend:&nbsp;<a href=\"https:\/\/svhermersberg.de\/wp\/wp-content\/uploads\/2025\/07\/2025-2026_Planung_Jugend.pdf\" data-type=\"attachment\" data-id=\"18821\" target=\"_blank\" rel=\"noreferrer noopener\">alle Ansprechpartner Jugend aktuell<\/a>&nbsp;\/ <a href=\"https:\/\/www.svhermersberg.de\/svh\/belegung\/training.php\" target=\"_blank\" rel=\"noopener\">Trainingszeiten<\/a><\/p>\n\n\n\n<p>E-Jugend:&nbsp;<a href=\"https:\/\/svhermersberg.de\/wp\/wp-content\/uploads\/2025\/07\/2025-2026_Planung_Jugend.pdf\" data-type=\"attachment\" data-id=\"18821\" target=\"_blank\" rel=\"noreferrer noopener\">alle Ansprechpartner Jugend aktuell<\/a>&nbsp;\/ <a href=\"https:\/\/www.svhermersberg.de\/svh\/belegung\/training.php\" target=\"_blank\" rel=\"noopener\">Trainingszeiten<\/a><\/p>\n\n\n\n<p>F-Jugend:&nbsp;<a href=\"https:\/\/svhermersberg.de\/wp\/wp-content\/uploads\/2025\/07\/2025-2026_Planung_Jugend.pdf\" data-type=\"attachment\" data-id=\"18821\" target=\"_blank\" rel=\"noreferrer noopener\">alle Ansprechpartner Jugend aktuell<\/a>&nbsp;\/ <a href=\"https:\/\/www.svhermersberg.de\/svh\/belegung\/training.php\" target=\"_blank\" rel=\"noopener\">Trainingszeiten<\/a><\/p>\n\n\n\n<p>G-Jugend:\u00a0<a href=\"https:\/\/svhermersberg.de\/wp\/wp-content\/uploads\/2025\/07\/2025-2026_Planung_Jugend.pdf\" data-type=\"attachment\" data-id=\"18821\" target=\"_blank\" rel=\"noreferrer noopener\">alle Ansprechpartner Jugend aktuell<\/a>\u00a0\/ <a href=\"https:\/\/www.svhermersberg.de\/svh\/belegung\/training.php\" target=\"_blank\" rel=\"noopener\">Trainingszeiten<\/a><\/p>\n\n\n\n<figure class=\"wp-block-image size-large\"><img loading=\"lazy\" decoding=\"async\" width=\"1024\" height=\"1024\" src=\"https:\/\/svhermersberg.de\/wp\/wp-content\/uploads\/2025\/08\/Trainingsplan-1024x1024.jpg\" alt=\"\" class=\"wp-image-18919\" srcset=\"https:\/\/svhermersberg.de\/wp\/wp-content\/uploads\/2025\/08\/Trainingsplan-1024x1024.jpg 1024w, https:\/\/svhermersberg.de\/wp\/wp-content\/uploads\/2025\/08\/Trainingsplan-300x300.jpg 300w, https:\/\/svhermersberg.de\/wp\/wp-content\/uploads\/2025\/08\/Trainingsplan-150x150.jpg 150w, https:\/\/svhermersberg.de\/wp\/wp-content\/uploads\/2025\/08\/Trainingsplan-768x768.jpg 768w, https:\/\/svhermersberg.de\/wp\/wp-content\/uploads\/2025\/08\/Trainingsplan-1536x1536.jpg 1536w, https:\/\/svhermersberg.de\/wp\/wp-content\/uploads\/2025\/08\/Trainingsplan.jpg 1600w\" sizes=\"auto, (max-width: 1024px) 100vw, 1024px\" \/><\/figure>\n","protected":false},"excerpt":{"rendered":"<p>Mindestens 220 Kinder und Jugendliche spielen beim SVH Fu\u00dfball. Die Jugendmannschaften sind durchg\u00e4ngig von der G- bis zur A-Jugend besetzt. Sie werden von dutzenden unerm\u00fcdlichen, ehrenamtlichen Personen bestens trainiert, betreut und unterst\u00fctzt. Jugendf\u00f6rderung wird beim SVH gro\u00df geschrieben. Unsere A-Jugend, B-Jugend und C-Jugend werden von engagierten Trainern mit Trainerlizenz gef\u00fchrt. Ziel ist es, weitere Jugendmannschaften<\/p>\n","protected":false},"author":1,"featured_media":13753,"parent":0,"menu_order":50,"comment_status":"open","ping_status":"open","template":"","meta":{"_acf_changed":false,"footnotes":""},"class_list":["post-13756","page","type-page","status-publish","has-post-thumbnail","hentry"],"acf":[],"_links":{"self":[{"href":"https:\/\/svhermersberg.de\/wp\/wp-json\/wp\/v2\/pages\/13756","targetHints":{"allow":["GET"]}}],"collection":[{"href":"https:\/\/svhermersberg.de\/wp\/wp-json\/wp\/v2\/pages"}],"about":[{"href":"https:\/\/svhermersberg.de\/wp\/wp-json\/wp\/v2\/types\/page"}],"author":[{"embeddable":true,"href":"https:\/\/svhermersberg.de\/wp\/wp-json\/wp\/v2\/users\/1"}],"replies":[{"embeddable":true,"href":"https:\/\/svhermersberg.de\/wp\/wp-json\/wp\/v2\/comments?post=13756"}],"version-history":[{"count":4,"href":"https:\/\/svhermersberg.de\/wp\/wp-json\/wp\/v2\/pages\/13756\/revisions"}],"predecessor-version":[{"id":18924,"href":"https:\/\/svhermersberg.de\/wp\/wp-json\/wp\/v2\/pages\/13756\/revisions\/18924"}],"wp:featuredmedia":[{"embeddable":true,"href":"https:\/\/svhermersberg.de\/wp\/wp-json\/wp\/v2\/media\/13753"}],"wp:attachment":[{"href":"https:\/\/svhermersberg.de\/wp\/wp-json\/wp\/v2\/media?parent=13756"}],"curies":[{"name":"wp","href":"https:\/\/api.w.org\/{rel}","templated":true}]}}