{"id":15625,"date":"2016-10-24T23:07:17","date_gmt":"2016-10-24T21:07:17","guid":{"rendered":"https:\/\/svhermersberg.de\/wp\/2016\/10\/24\/tombola\/"},"modified":"2025-07-15T11:16:57","modified_gmt":"2025-07-15T09:16:57","slug":"tombola","status":"publish","type":"page","link":"https:\/\/svhermersberg.de\/wp\/tombola\/","title":{"rendered":"Jahresabschlussfeier"},"content":{"rendered":"\n<p>Auch dieses Jahr findet bei unserer Jahresabschlussfeier am<strong> 21.12.2024<\/strong> wieder die traditionelle Tombola statt. Mit etwas Gl\u00fcck k\u00f6nnt ihr diese satten Gewinne absahnen:<\/p>\n\n\n\n<p>1. Preis: <strong>R\u00f6sle Gasgrill Videro<\/strong> im Wert von 1.399 \u20ac<br>2. Preis: <strong>Apple iPhone 16 pro<\/strong> im Wert von 1.199 \u20ac<br>3. Preis:<strong> Essen vom Partyservice Storck<\/strong> im Wert von 250 \u20ac<br>4. Preis: <strong>Gutschein beim Gasthaus Juner<\/strong> im Wert von 200 \u20ac<br>5. Preis: <strong>Tankgutschein Tankstelle Sommer<\/strong> im Wert von 100 \u20ac<\/p>\n\n\n\n<p>Die Lose k\u00f6nnen zum Preis von<strong> 2,00 \u20ac<\/strong> im Sportheim und bei der Tankstelle Sommer erworben werden.<\/p>\n\n\n\n<figure class=\"wp-block-image\"><img loading=\"lazy\" decoding=\"async\" width=\"2016\" height=\"1512\" src=\"https:\/\/svhermersberg.de\/wp\/wp-content\/uploads\/2016\/10\/259411590_378301264085359_6112315761932000776_n.jpg\" alt=\"\" class=\"wp-image-15624\" srcset=\"https:\/\/svhermersberg.de\/wp\/wp-content\/uploads\/2016\/10\/259411590_378301264085359_6112315761932000776_n.jpg 2016w, https:\/\/svhermersberg.de\/wp\/wp-content\/uploads\/2016\/10\/259411590_378301264085359_6112315761932000776_n-300x225.jpg 300w, https:\/\/svhermersberg.de\/wp\/wp-content\/uploads\/2016\/10\/259411590_378301264085359_6112315761932000776_n-1024x768.jpg 1024w, https:\/\/svhermersberg.de\/wp\/wp-content\/uploads\/2016\/10\/259411590_378301264085359_6112315761932000776_n-768x576.jpg 768w, https:\/\/svhermersberg.de\/wp\/wp-content\/uploads\/2016\/10\/259411590_378301264085359_6112315761932000776_n-1536x1152.jpg 1536w\" sizes=\"auto, (max-width: 2016px) 100vw, 2016px\" \/><\/figure>\n\n\n\n<p><\/p>\n","protected":false},"excerpt":{"rendered":"<p>Auch dieses Jahr findet bei unserer Jahresabschlussfeier am 21.12.2024 wieder die traditionelle Tombola statt. Mit etwas Gl\u00fcck k\u00f6nnt ihr diese satten Gewinne absahnen: 1. Preis: R\u00f6sle Gasgrill Videro im Wert von 1.399 \u20ac2. Preis: Apple iPhone 16 pro im Wert von 1.199 \u20ac3. Preis: Essen vom Partyservice Storck im Wert von 250 \u20ac4. Preis: Gutschein<\/p>\n","protected":false},"author":1,"featured_media":15624,"parent":0,"menu_order":19,"comment_status":"open","ping_status":"open","template":"","meta":{"_acf_changed":false,"footnotes":""},"class_list":["post-15625","page","type-page","status-publish","has-post-thumbnail","hentry"],"acf":[],"_links":{"self":[{"href":"https:\/\/svhermersberg.de\/wp\/wp-json\/wp\/v2\/pages\/15625","targetHints":{"allow":["GET"]}}],"collection":[{"href":"https:\/\/svhermersberg.de\/wp\/wp-json\/wp\/v2\/pages"}],"about":[{"href":"https:\/\/svhermersberg.de\/wp\/wp-json\/wp\/v2\/types\/page"}],"author":[{"embeddable":true,"href":"https:\/\/svhermersberg.de\/wp\/wp-json\/wp\/v2\/users\/1"}],"replies":[{"embeddable":true,"href":"https:\/\/svhermersberg.de\/wp\/wp-json\/wp\/v2\/comments?post=15625"}],"version-history":[{"count":2,"href":"https:\/\/svhermersberg.de\/wp\/wp-json\/wp\/v2\/pages\/15625\/revisions"}],"predecessor-version":[{"id":18839,"href":"https:\/\/svhermersberg.de\/wp\/wp-json\/wp\/v2\/pages\/15625\/revisions\/18839"}],"wp:featuredmedia":[{"embeddable":true,"href":"https:\/\/svhermersberg.de\/wp\/wp-json\/wp\/v2\/media\/15624"}],"wp:attachment":[{"href":"https:\/\/svhermersberg.de\/wp\/wp-json\/wp\/v2\/media?parent=15625"}],"curies":[{"name":"wp","href":"https:\/\/api.w.org\/{rel}","templated":true}]}}