{"id":16660,"date":"2024-02-27T20:05:34","date_gmt":"2024-02-27T19:05:34","guid":{"rendered":"https:\/\/svhermersberg.de\/wp\/2024\/02\/27\/foerderkreis\/"},"modified":"2025-07-15T11:17:19","modified_gmt":"2025-07-15T09:17:19","slug":"foerderkreis","status":"publish","type":"page","link":"https:\/\/svhermersberg.de\/wp\/foerderkreis\/","title":{"rendered":"F\u00f6rderkreis"},"content":{"rendered":"\n<p>Der F\u00f6rderkreis Sportverein Hermersberg e.V. f\u00f6rdert die Entwicklung des Fu\u00dfballs beim SVH. Zur Webseite des<a href=\"https:\/\/www.fksvh.com\" target=\"_blank\" rel=\"noopener\"> F\u00f6rderkreis Sportverein Hermersberg e.V<\/a>.<\/p>\n","protected":false},"excerpt":{"rendered":"<p>Der F\u00f6rderkreis Sportverein Hermersberg e.V. f\u00f6rdert die Entwicklung des Fu\u00dfballs beim SVH. Zur Webseite des F\u00f6rderkreis Sportverein Hermersberg e.V.<\/p>\n","protected":false},"author":1,"featured_media":0,"parent":0,"menu_order":1,"comment_status":"open","ping_status":"open","template":"","meta":{"_acf_changed":false,"footnotes":""},"class_list":["post-16660","page","type-page","status-publish","hentry"],"acf":[],"_links":{"self":[{"href":"https:\/\/svhermersberg.de\/wp\/wp-json\/wp\/v2\/pages\/16660","targetHints":{"allow":["GET"]}}],"collection":[{"href":"https:\/\/svhermersberg.de\/wp\/wp-json\/wp\/v2\/pages"}],"about":[{"href":"https:\/\/svhermersberg.de\/wp\/wp-json\/wp\/v2\/types\/page"}],"author":[{"embeddable":true,"href":"https:\/\/svhermersberg.de\/wp\/wp-json\/wp\/v2\/users\/1"}],"replies":[{"embeddable":true,"href":"https:\/\/svhermersberg.de\/wp\/wp-json\/wp\/v2\/comments?post=16660"}],"version-history":[{"count":2,"href":"https:\/\/svhermersberg.de\/wp\/wp-json\/wp\/v2\/pages\/16660\/revisions"}],"predecessor-version":[{"id":18840,"href":"https:\/\/svhermersberg.de\/wp\/wp-json\/wp\/v2\/pages\/16660\/revisions\/18840"}],"wp:attachment":[{"href":"https:\/\/svhermersberg.de\/wp\/wp-json\/wp\/v2\/media?parent=16660"}],"curies":[{"name":"wp","href":"https:\/\/api.w.org\/{rel}","templated":true}]}}